{"id":204,"date":"2025-08-21T09:08:31","date_gmt":"2025-08-21T09:08:31","guid":{"rendered":"https:\/\/softskillsplatform.eu\/?page_id=204"},"modified":"2025-08-27T17:10:24","modified_gmt":"2025-08-27T17:10:24","slug":"online-course","status":"publish","type":"page","link":"https:\/\/softskillsplatform.eu\/hr\/online-course\/","title":{"rendered":"Online Course"},"content":{"rendered":"<div data-elementor-type=\"wp-page\" data-elementor-id=\"204\" class=\"elementor elementor-204\">\n\t\t\t\t\t\t<section class=\"elementor-section elementor-top-section elementor-element elementor-element-7956077 elementor-section-boxed elementor-section-height-default elementor-section-height-default\" data-id=\"7956077\" data-element_type=\"section\" data-e-type=\"section\">\n\t\t\t\t\t\t<div class=\"elementor-container elementor-column-gap-default\">\n\t\t\t\t\t<div class=\"elementor-column elementor-col-100 elementor-top-column elementor-element elementor-element-6cc49e0\" data-id=\"6cc49e0\" data-element_type=\"column\" data-e-type=\"column\">\n\t\t\t<div class=\"elementor-widget-wrap elementor-element-populated\">\n\t\t\t\t\t\t<section class=\"elementor-section elementor-inner-section elementor-element elementor-element-6026790 elementor-section-boxed elementor-section-height-default elementor-section-height-default\" data-id=\"6026790\" data-element_type=\"section\" data-e-type=\"section\">\n\t\t\t\t\t\t<div class=\"elementor-container elementor-column-gap-default\">\n\t\t\t\t\t<div class=\"elementor-column elementor-col-100 elementor-inner-column elementor-element elementor-element-1ce279e\" data-id=\"1ce279e\" data-element_type=\"column\" data-e-type=\"column\">\n\t\t\t<div class=\"elementor-widget-wrap elementor-element-populated\">\n\t\t\t\t\t\t<div class=\"elementor-element elementor-element-5061726 elementor-widget elementor-widget-image\" data-id=\"5061726\" data-element_type=\"widget\" data-e-type=\"widget\" data-widget_type=\"image.default\">\n\t\t\t\t<div class=\"elementor-widget-container\">\n\t\t\t\t\t\t\t\t\t\t\t\t\t\t\t<img decoding=\"async\" width=\"150\" height=\"150\" src=\"https:\/\/softskillsplatform.eu\/wp-content\/uploads\/2025\/02\/Soft-Skills_logo2-150x150.jpg\" class=\"attachment-thumbnail size-thumbnail wp-image-17\" alt=\"\" srcset=\"https:\/\/softskillsplatform.eu\/wp-content\/uploads\/2025\/02\/Soft-Skills_logo2-150x150.jpg 150w, https:\/\/softskillsplatform.eu\/wp-content\/uploads\/2025\/02\/Soft-Skills_logo2-300x300.jpg 300w, https:\/\/softskillsplatform.eu\/wp-content\/uploads\/2025\/02\/Soft-Skills_logo2-1024x1024.jpg 1024w, https:\/\/softskillsplatform.eu\/wp-content\/uploads\/2025\/02\/Soft-Skills_logo2-768x768.jpg 768w, https:\/\/softskillsplatform.eu\/wp-content\/uploads\/2025\/02\/Soft-Skills_logo2-1536x1536.jpg 1536w, https:\/\/softskillsplatform.eu\/wp-content\/uploads\/2025\/02\/Soft-Skills_logo2.jpg 2000w\" sizes=\"(max-width: 150px) 100vw, 150px\" \/>\t\t\t\t\t\t\t\t\t\t\t\t\t\t\t<\/div>\n\t\t\t\t<\/div>\n\t\t\t\t\t<\/div>\n\t\t<\/div>\n\t\t\t\t\t<\/div>\n\t\t<\/section>\n\t\t\t\t<section class=\"elementor-section elementor-inner-section elementor-element elementor-element-227b4a4 elementor-section-boxed elementor-section-height-default elementor-section-height-default\" data-id=\"227b4a4\" data-element_type=\"section\" data-e-type=\"section\">\n\t\t\t\t\t\t<div class=\"elementor-container elementor-column-gap-default\">\n\t\t\t\t\t<div class=\"elementor-column elementor-col-100 elementor-inner-column elementor-element elementor-element-0337bf7\" data-id=\"0337bf7\" data-element_type=\"column\" data-e-type=\"column\">\n\t\t\t<div class=\"elementor-widget-wrap elementor-element-populated\">\n\t\t\t\t\t\t<div class=\"elementor-element elementor-element-7e8bd9e elementor-widget elementor-widget-ekit-nav-menu\" data-id=\"7e8bd9e\" data-element_type=\"widget\" data-e-type=\"widget\" data-widget_type=\"ekit-nav-menu.default\">\n\t\t\t\t<div class=\"elementor-widget-container\">\n\t\t\t\t\t\t\t<nav class=\"ekit-wid-con ekit_menu_responsive_tablet\"\n\t\t\tdata-hamburger-icon=\"\"\n\t\t\tdata-hamburger-icon-type=\"icon\"\n\t\t\tdata-responsive-breakpoint=\"1024\">\n\t\t\t            <button class=\"elementskit-menu-hamburger elementskit-menu-toggler\"  type=\"button\" aria-label=\"hamburger-icon\">\n                                    <span class=\"elementskit-menu-hamburger-icon\"><\/span><span class=\"elementskit-menu-hamburger-icon\"><\/span><span class=\"elementskit-menu-hamburger-icon\"><\/span>\n                            <\/button>\n            <div id=\"ekit-megamenu-main\" class=\"elementskit-menu-container elementskit-menu-offcanvas-elements elementskit-navbar-nav-default ekit-nav-menu-one-page-no ekit-nav-dropdown-hover\"><ul id=\"menu-main\" class=\"elementskit-navbar-nav elementskit-menu-po-center submenu-click-on-icon\"><li id=\"menu-item-120\" class=\"menu-item menu-item-type-post_type menu-item-object-page menu-item-home menu-item-120 nav-item elementskit-mobile-builder-content\" data-vertical-menu=\"750px\"><a href=\"https:\/\/softskillsplatform.eu\/hr\/\" class=\"ekit-menu-nav-link menu-link\">Naslovnica<\/a><\/li>\n<li id=\"menu-item-121\" class=\"menu-item menu-item-type-custom menu-item-object-custom menu-item-has-children menu-item-121 nav-item elementskit-dropdown-has relative_position elementskit-dropdown-menu-default_width elementskit-mobile-builder-content\" data-vertical-menu=\"750px\"><a aria-expanded=\"false\" href=\"https:\/\/softskillsplatform.eu\/hr\/\" class=\"ekit-menu-nav-link ekit-menu-dropdown-toggle menu-link\">Istra\u017eite<i aria-hidden=\"true\" class=\"icon icon-down-arrow1 elementskit-submenu-indicator\"><\/i><\/a>\n<ul class=\"elementskit-dropdown elementskit-submenu-panel\">\n\t<li id=\"menu-item-131\" class=\"menu-item menu-item-type-custom menu-item-object-custom menu-item-131 nav-item elementskit-mobile-builder-content\" data-vertical-menu=\"750px\"><a href=\"https:\/\/softskillsplatform.eu\/hr\/educators\/\" class=\"dropdown-item menu-link\">Edukatori<\/a>\t<li id=\"menu-item-130\" class=\"menu-item menu-item-type-custom menu-item-object-custom menu-item-130 nav-item elementskit-mobile-builder-content\" data-vertical-menu=\"750px\"><a href=\"https:\/\/softskillsplatform.eu\/hr\/learners\/\" class=\"dropdown-item menu-link\">Polaznici<\/a><\/ul>\n<\/li>\n<li id=\"menu-item-122\" class=\"menu-item menu-item-type-custom menu-item-object-custom menu-item-122 nav-item elementskit-mobile-builder-content\" data-vertical-menu=\"750px\"><a href=\"https:\/\/softskillsproject.eu\/\" class=\"ekit-menu-nav-link menu-link\">Web stranica projekta<\/a><\/li>\n<\/ul><div class=\"elementskit-nav-identity-panel\"><button class=\"elementskit-menu-close elementskit-menu-toggler\" type=\"button\">X<\/button><\/div><\/div>\n\t\t\t<div class=\"elementskit-menu-overlay elementskit-menu-offcanvas-elements elementskit-menu-toggler ekit-nav-menu--overlay\"><\/div>        <\/nav>\n\t\t\t\t\t\t<\/div>\n\t\t\t\t<\/div>\n\t\t\t\t\t<\/div>\n\t\t<\/div>\n\t\t\t\t\t<\/div>\n\t\t<\/section>\n\t\t\t\t\t<\/div>\n\t\t<\/div>\n\t\t\t\t\t<\/div>\n\t\t<\/section>\n\t\t\t\t<section class=\"elementor-section elementor-top-section elementor-element elementor-element-a5a0f6b elementor-section-boxed elementor-section-height-default elementor-section-height-default\" data-id=\"a5a0f6b\" data-element_type=\"section\" data-e-type=\"section\" id=\"go\">\n\t\t\t\t\t\t<div class=\"elementor-container elementor-column-gap-default\">\n\t\t\t\t\t<div class=\"elementor-column elementor-col-100 elementor-top-column elementor-element elementor-element-bead824\" data-id=\"bead824\" data-element_type=\"column\" data-e-type=\"column\">\n\t\t\t<div class=\"elementor-widget-wrap elementor-element-populated\">\n\t\t\t\t\t\t<section class=\"elementor-section elementor-inner-section elementor-element elementor-element-2a97894 elementor-section-boxed elementor-section-height-default elementor-section-height-default\" data-id=\"2a97894\" data-element_type=\"section\" data-e-type=\"section\">\n\t\t\t\t\t\t<div class=\"elementor-container elementor-column-gap-default\">\n\t\t\t\t\t<div class=\"elementor-column elementor-col-100 elementor-inner-column elementor-element elementor-element-957d9c9\" data-id=\"957d9c9\" data-element_type=\"column\" data-e-type=\"column\">\n\t\t\t<div class=\"elementor-widget-wrap elementor-element-populated\">\n\t\t\t\t\t\t<div class=\"elementor-element elementor-element-8d2ffc5 elementor-widget-mobile__width-inherit elementor-widget elementor-widget-elementskit-heading\" data-id=\"8d2ffc5\" data-element_type=\"widget\" data-e-type=\"widget\" data-widget_type=\"elementskit-heading.default\">\n\t\t\t\t<div class=\"elementor-widget-container\">\n\t\t\t\t\t<div class=\"ekit-wid-con\" ><div class=\"ekit-heading elementskit-section-title-wraper    ekit_heading_tablet-   ekit_heading_mobile-\"><h2 class=\"ekit-heading--title elementskit-section-title\">Kako pou\u010davati meke vje\u0161tine osobama s intelektualnim te\u0161ko\u0107ama\" - online edukacija za edukatore<\/h2>\t\t\t\t<div class='ekit-heading__description'>\n\t\t\t\t\t<p>Te\u010daj \"Kako pou\u010davati meke vje\u0161tine osobama s intelektualnim te\u0161ko\u0107ama\" opremit \u0107e vas znanjem i strategijama potrebnima za u\u010dinkovitu podr\u0161ku polaznicima. Obuhva\u0107a klju\u010dne teme, uklju\u010duju\u0107i:<br \/>\u2022 <strong>Svjesnost o invaliditetu<\/strong> \u2013 Razumijevanje intelektualnih te\u0161ko\u0107a, suzbijanje stereotipa te poticanje empatije i uklju\u010divog stava.<br \/>\u2022 <strong>Provedba radionica mekih vje\u0161tina i digitalne igre<\/strong> \u2013 Prakti\u010dni savjeti, prilagodbe i strategije za integraciju digitalnih igara u nastavu.<br \/>\u2022 <strong>Pristupi usmjereni na osobu<\/strong> \u2013 Izgradnja smislenih odnosa i prilagodba u\u010denja individualnim potrebama.<br \/>\u2022 <strong>Upravljanje izazovnim situacijama<\/strong> \u2013 Prepoznavanje i razumijevanje izazovnih pona\u0161anja te tehnike prevencije i smirivanja.<br \/>Ovaj te\u010daj nudi prakti\u010dne smjernice, stvarne primjere iz prakse i prilagodljive nastavne strategije.<\/p>\n\t\t\t\t<\/div>\n\t\t\t<\/div><\/div>\t\t\t\t<\/div>\n\t\t\t\t<\/div>\n\t\t\t\t\t<\/div>\n\t\t<\/div>\n\t\t\t\t\t<\/div>\n\t\t<\/section>\n\t\t\t\t\t<\/div>\n\t\t<\/div>\n\t\t\t\t\t<\/div>\n\t\t<\/section>\n\t\t\t\t<section class=\"elementor-section elementor-top-section elementor-element elementor-element-cc6e90e elementor-section-boxed elementor-section-height-default elementor-section-height-default\" data-id=\"cc6e90e\" data-element_type=\"section\" data-e-type=\"section\">\n\t\t\t\t\t\t<div class=\"elementor-container elementor-column-gap-default\">\n\t\t\t\t\t<div class=\"elementor-column elementor-col-100 elementor-top-column elementor-element elementor-element-47db716\" data-id=\"47db716\" data-element_type=\"column\" data-e-type=\"column\">\n\t\t\t<div class=\"elementor-widget-wrap elementor-element-populated\">\n\t\t\t\t\t\t<div class=\"elementor-element elementor-element-980c43f elementor-widget elementor-widget-spacer\" data-id=\"980c43f\" data-element_type=\"widget\" data-e-type=\"widget\" data-widget_type=\"spacer.default\">\n\t\t\t\t<div class=\"elementor-widget-container\">\n\t\t\t\t\t\t\t<div class=\"elementor-spacer\">\n\t\t\t<div class=\"elementor-spacer-inner\"><\/div>\n\t\t<\/div>\n\t\t\t\t\t\t<\/div>\n\t\t\t\t<\/div>\n\t\t\t\t<section class=\"elementor-section elementor-inner-section elementor-element elementor-element-b09ce80 elementor-section-boxed elementor-section-height-default elementor-section-height-default\" data-id=\"b09ce80\" data-element_type=\"section\" data-e-type=\"section\">\n\t\t\t\t\t\t<div class=\"elementor-container elementor-column-gap-default\">\n\t\t\t\t\t<div class=\"elementor-column elementor-col-50 elementor-inner-column elementor-element elementor-element-594c8ed\" data-id=\"594c8ed\" data-element_type=\"column\" data-e-type=\"column\">\n\t\t\t<div class=\"elementor-widget-wrap elementor-element-populated\">\n\t\t\t\t\t\t<div class=\"elementor-element elementor-element-18e9948 elementor-widget elementor-widget-image\" data-id=\"18e9948\" data-element_type=\"widget\" data-e-type=\"widget\" data-widget_type=\"image.default\">\n\t\t\t\t<div class=\"elementor-widget-container\">\n\t\t\t\t\t\t\t\t\t\t\t\t\t\t\t<img fetchpriority=\"high\" decoding=\"async\" width=\"1024\" height=\"228\" src=\"https:\/\/softskillsplatform.eu\/wp-content\/uploads\/2025\/06\/EN_Co-fundedbytheEU_RGB_Monochrome-1024x228.png\" class=\"attachment-large size-large wp-image-74\" alt=\"\" srcset=\"https:\/\/softskillsplatform.eu\/wp-content\/uploads\/2025\/06\/EN_Co-fundedbytheEU_RGB_Monochrome-1024x228.png 1024w, https:\/\/softskillsplatform.eu\/wp-content\/uploads\/2025\/06\/EN_Co-fundedbytheEU_RGB_Monochrome-300x67.png 300w, https:\/\/softskillsplatform.eu\/wp-content\/uploads\/2025\/06\/EN_Co-fundedbytheEU_RGB_Monochrome-768x171.png 768w, https:\/\/softskillsplatform.eu\/wp-content\/uploads\/2025\/06\/EN_Co-fundedbytheEU_RGB_Monochrome-1536x343.png 1536w, https:\/\/softskillsplatform.eu\/wp-content\/uploads\/2025\/06\/EN_Co-fundedbytheEU_RGB_Monochrome-2048x457.png 2048w\" sizes=\"(max-width: 1024px) 100vw, 1024px\" \/>\t\t\t\t\t\t\t\t\t\t\t\t\t\t\t<\/div>\n\t\t\t\t<\/div>\n\t\t\t\t<div class=\"elementor-element elementor-element-b60f538 elementor-widget elementor-widget-image\" data-id=\"b60f538\" data-element_type=\"widget\" data-e-type=\"widget\" data-widget_type=\"image.default\">\n\t\t\t\t<div class=\"elementor-widget-container\">\n\t\t\t\t\t\t\t\t\t\t\t\t\t\t\t<img decoding=\"async\" width=\"88\" height=\"31\" src=\"https:\/\/softskillsplatform.eu\/wp-content\/uploads\/2025\/06\/image001.png\" class=\"attachment-large size-large wp-image-75\" alt=\"\" \/>\t\t\t\t\t\t\t\t\t\t\t\t\t\t\t<\/div>\n\t\t\t\t<\/div>\n\t\t\t\t\t<\/div>\n\t\t<\/div>\n\t\t\t\t<div class=\"elementor-column elementor-col-50 elementor-inner-column elementor-element elementor-element-61a803d\" data-id=\"61a803d\" data-element_type=\"column\" data-e-type=\"column\">\n\t\t\t<div class=\"elementor-widget-wrap elementor-element-populated\">\n\t\t\t\t\t\t<div class=\"elementor-element elementor-element-0ddf443 elementor-widget elementor-widget-text-editor\" data-id=\"0ddf443\" data-element_type=\"widget\" data-e-type=\"widget\" data-widget_type=\"text-editor.default\">\n\t\t\t\t<div class=\"elementor-widget-container\">\n\t\t\t\t\t\t\t\t\t<p><span style=\"font-weight: 400;\">Projekt je sufinanciran sredstvima Europske unije. Stavovi i mi\u0161ljenja izneseni u ovoj publikaciji isklju\u010diva su odgovornost autora i ne odra\u017eavaju nu\u017eno stavove Europske unije niti Europske izvr\u0161ne agencije za obrazovanje i kulturu (EACEA). Europska unija niti EACEA ne mogu se smatrati odgovornima za njih.<\/span><\/p><p><span style=\"font-weight: 400;\">Broj projekta: 2024-1-HR01-KA220-ADU-000247169<\/span><\/p>\t\t\t\t\t\t\t\t<\/div>\n\t\t\t\t<\/div>\n\t\t\t\t\t<\/div>\n\t\t<\/div>\n\t\t\t\t\t<\/div>\n\t\t<\/section>\n\t\t\t\t\t<\/div>\n\t\t<\/div>\n\t\t\t\t\t<\/div>\n\t\t<\/section>\n\t\t\t\t<\/div>","protected":false},"excerpt":{"rendered":"<p>Home Explore Educators Learners Project Website X How to Teach Soft Skills to People with Intellectual Disabilities &#8211; Online Course [&hellip;]<\/p>\n","protected":false},"author":1,"featured_media":0,"parent":0,"menu_order":0,"comment_status":"closed","ping_status":"closed","template":"elementor_canvas","meta":{"site-sidebar-layout":"default","site-content-layout":"","ast-site-content-layout":"default","site-content-style":"default","site-sidebar-style":"default","ast-global-header-display":"","ast-banner-title-visibility":"","ast-main-header-display":"","ast-hfb-above-header-display":"","ast-hfb-below-header-display":"","ast-hfb-mobile-header-display":"","site-post-title":"","ast-breadcrumbs-content":"","ast-featured-img":"","footer-sml-layout":"","ast-disable-related-posts":"","theme-transparent-header-meta":"","adv-header-id-meta":"","stick-header-meta":"","header-above-stick-meta":"","header-main-stick-meta":"","header-below-stick-meta":"","astra-migrate-meta-layouts":"default","ast-page-background-enabled":"default","ast-page-background-meta":{"desktop":{"background-color":"var(--ast-global-color-5)","background-image":"","background-repeat":"repeat","background-position":"center center","background-size":"auto","background-attachment":"scroll","background-type":"","background-media":"","overlay-type":"","overlay-color":"","overlay-opacity":"","overlay-gradient":""},"tablet":{"background-color":"","background-image":"","background-repeat":"repeat","background-position":"center center","background-size":"auto","background-attachment":"scroll","background-type":"","background-media":"","overlay-type":"","overlay-color":"","overlay-opacity":"","overlay-gradient":""},"mobile":{"background-color":"","background-image":"","background-repeat":"repeat","background-position":"center center","background-size":"auto","background-attachment":"scroll","background-type":"","background-media":"","overlay-type":"","overlay-color":"","overlay-opacity":"","overlay-gradient":""}},"ast-content-background-meta":{"desktop":{"background-color":"var(--ast-global-color-4)","background-image":"","background-repeat":"repeat","background-position":"center center","background-size":"auto","background-attachment":"scroll","background-type":"","background-media":"","overlay-type":"","overlay-color":"","overlay-opacity":"","overlay-gradient":""},"tablet":{"background-color":"var(--ast-global-color-4)","background-image":"","background-repeat":"repeat","background-position":"center center","background-size":"auto","background-attachment":"scroll","background-type":"","background-media":"","overlay-type":"","overlay-color":"","overlay-opacity":"","overlay-gradient":""},"mobile":{"background-color":"var(--ast-global-color-4)","background-image":"","background-repeat":"repeat","background-position":"center center","background-size":"auto","background-attachment":"scroll","background-type":"","background-media":"","overlay-type":"","overlay-color":"","overlay-opacity":"","overlay-gradient":""}},"footnotes":""},"class_list":["post-204","page","type-page","status-publish","hentry"],"_links":{"self":[{"href":"https:\/\/softskillsplatform.eu\/hr\/wp-json\/wp\/v2\/pages\/204","targetHints":{"allow":["GET"]}}],"collection":[{"href":"https:\/\/softskillsplatform.eu\/hr\/wp-json\/wp\/v2\/pages"}],"about":[{"href":"https:\/\/softskillsplatform.eu\/hr\/wp-json\/wp\/v2\/types\/page"}],"author":[{"embeddable":true,"href":"https:\/\/softskillsplatform.eu\/hr\/wp-json\/wp\/v2\/users\/1"}],"replies":[{"embeddable":true,"href":"https:\/\/softskillsplatform.eu\/hr\/wp-json\/wp\/v2\/comments?post=204"}],"version-history":[{"count":10,"href":"https:\/\/softskillsplatform.eu\/hr\/wp-json\/wp\/v2\/pages\/204\/revisions"}],"predecessor-version":[{"id":358,"href":"https:\/\/softskillsplatform.eu\/hr\/wp-json\/wp\/v2\/pages\/204\/revisions\/358"}],"wp:attachment":[{"href":"https:\/\/softskillsplatform.eu\/hr\/wp-json\/wp\/v2\/media?parent=204"}],"curies":[{"name":"wp","href":"https:\/\/api.w.org\/{rel}","templated":true}]}}